{"id":3903,"date":"2023-05-15T14:20:34","date_gmt":"2023-05-15T14:20:34","guid":{"rendered":"https:\/\/irisprint.al\/?page_id=3903"},"modified":"2024-02-08T22:12:30","modified_gmt":"2024-02-08T22:12:30","slug":"paketime-te-tjera","status":"publish","type":"page","link":"https:\/\/irisprint.al\/en\/portfolio\/paketime-te-tjera\/","title":{"rendered":"Others Packaging"},"content":{"rendered":"<div data-elementor-type=\"wp-page\" data-elementor-id=\"3903\" class=\"elementor elementor-3903\" data-elementor-post-type=\"page\">\n\t\t\t\t\t\t<section class=\"elementor-section elementor-top-section elementor-element elementor-element-032e216 elementor-section-full_width elementor-section-height-default elementor-section-height-default\" data-id=\"032e216\" data-element_type=\"section\">\n\t\t\t\t\t\t<div class=\"elementor-container elementor-column-gap-no\">\n\t\t\t\t\t<div class=\"elementor-column elementor-col-100 elementor-top-column elementor-element elementor-element-31a437f\" data-id=\"31a437f\" data-element_type=\"column\">\n\t\t\t<div class=\"elementor-widget-wrap elementor-element-populated\">\n\t\t\t\t\t\t<div class=\"elementor-element elementor-element-fd7ee20 elementor-widget__width-auto elementor-absolute elementor-widget elementor-widget-html\" data-id=\"fd7ee20\" data-element_type=\"widget\" data-settings=\"{&quot;_position&quot;:&quot;absolute&quot;}\" data-widget_type=\"html.default\">\n\t\t\t\t<div class=\"elementor-widget-container\">\n\t\t\t<audio id=\"track\">\r\n  <source src=\"https:\/\/irisprint.al\/wp-content\/uploads\/2023\/05\/irisprint-soundtrack.mp3\" type=\"audio\/mpeg\" \/>\r\n<\/audio>\r\n\r\n<div id=\"player-container\">\r\n  <div id=\"play-pause\" class=\"play\">Play<\/div>\r\n<\/div>\r\n<style>#player-container #play-pause {\r\n  cursor: pointer;\r\n  text-indent: -999999px;\r\n  height:40px;\r\n  width: 40px;\r\n  padding: 12px 18px;\r\n  z-index: 2;\r\n    background-image: url(data:image\/svg+xml;base64,PD94bWwgdmVyc2lvbj0iMS4wIiA\/Pjxzdmcgdmlld0JveD0iMCAwIDMyIDMyIiB4bWxucz0iaHR0cDovL3d3dy53My5vcmcvMjAwMC9zdmciPjx0aXRsZS8+PGcgZGF0YS1uYW1lPSJ2b2x1bWUsIHNvdW5kLCBhdWRpbywgc3BlYWtlciwgbG91ZCwgbXVzaWMsIGxvdWRzcGVha2VyIiBpZD0idm9sdW1lX3NvdW5kX2F1ZGlvX3NwZWFrZXJfbG91ZF9tdXNpY19sb3Vkc3BlYWtlciI+PHBhdGggZD0iTTE4LjQ3LDYuMTJhMSwxLDAsMCwwLTEsMEw4LjcsMTJIM2ExLDEsMCwwLDAtMSwxdjZhMSwxLDAsMCwwLDEsMUg4LjdsOC43NSw1LjgzQTEsMSwwLDAsMCwxOSwyNVY3QTEsMSwwLDAsMCwxOC40Nyw2LjEyWk00LDE0SDh2NEg0Wm0xMyw5LjEzLTctNC42N1YxMy41NGw3LTQuNjdaIi8+PHBhdGggZD0iTTIyLjYsMTEuMmExLDEsMCwwLDAtMS4yLDEuNiw0LDQsMCwwLDEsMCw2LjQsMSwxLDAsMCwwLS4yLDEuNCwxLDEsMCwwLDAsLjguNCwxLDEsMCwwLDAsLjYtLjIsNiw2LDAsMCwwLDAtOS42WiIvPjxwYXRoIGQ9Ik0yNy43NSw5LjM0YTEsMSwwLDEsMC0xLjUsMS4zMmMyLjM1LDIuNjUsMi4zNSw4LDAsMTAuNjhhMSwxLDAsMCwwLC4wOSwxLjQxLDEsMSwwLDAsMCwxLjQxLS4wOUMzMC43NCwxOS4zLDMwLjc0LDEyLjcsMjcuNzUsOS4zNFoiLz48L2c+PC9zdmc+);\r\n    background-repeat: no-repeat!important;\r\n    background-position: center;\r\n    background-size: 16px;\r\n  background-repeat:no-repeat;\r\n  background-position:center;\r\n  background-size:20px;\r\n  background-color: gainsboro;\r\n}\r\n.play {\r\n  background-image: url(data:image\/svg+xml;base64,PD94bWwgdmVyc2lvbj0iMS4wIiA\/Pjxzdmcgdmlld0JveD0iMCAwIDMyIDMyIiB4bWxucz0iaHR0cDovL3d3dy53My5vcmcvMjAwMC9zdmciPjx0aXRsZS8+PGcgZGF0YS1uYW1lPSJ2b2x1bWUsIHNvdW5kLCBhdWRpbywgc3BlYWtlciwgbG91ZCwgbXVzaWMsIGxvdWRzcGVha2VyIiBpZD0idm9sdW1lX3NvdW5kX2F1ZGlvX3NwZWFrZXJfbG91ZF9tdXNpY19sb3Vkc3BlYWtlciI+PHBhdGggZD0iTTE4LjQ3LDYuMTJhMSwxLDAsMCwwLTEsMEw4LjcsMTJIM2ExLDEsMCwwLDAtMSwxdjZhMSwxLDAsMCwwLDEsMUg4LjdsOC43NSw1LjgzQTEsMSwwLDAsMCwxOSwyNVY3QTEsMSwwLDAsMCwxOC40Nyw2LjEyWk00LDE0SDh2NEg0Wm0xMyw5LjEzLTctNC42N1YxMy41NGw3LTQuNjdaIi8+PHBhdGggZD0iTTIyLjYsMTEuMmExLDEsMCwwLDAtMS4yLDEuNiw0LDQsMCwwLDEsMCw2LjQsMSwxLDAsMCwwLS4yLDEuNCwxLDEsMCwwLDAsLjguNCwxLDEsMCwwLDAsLjYtLjIsNiw2LDAsMCwwLDAtOS42WiIvPjxwYXRoIGQ9Ik0yNy43NSw5LjM0YTEsMSwwLDEsMC0xLjUsMS4zMmMyLjM1LDIuNjUsMi4zNSw4LDAsMTAuNjhhMSwxLDAsMCwwLC4wOSwxLjQxLDEsMSwwLDAsMCwxLjQxLS4wOUMzMC43NCwxOS4zLDMwLjc0LDEyLjcsMjcuNzUsOS4zNFoiLz48L2c+PC9zdmc+);\r\n}\r\n.pause {\r\n   background-image: url(data:image\/svg+xml;base64,PD94bWwgdmVyc2lvbj0iMS4wIiA\/PjwhRE9DVFlQRSBzdmcgIFBVQkxJQyAnLS8vVzNDLy9EVEQgU1ZHIDEuMS8vRU4nICAnaHR0cDovL3d3dy53My5vcmcvR3JhcGhpY3MvU1ZHLzEuMS9EVEQvc3ZnMTEuZHRkJz48c3ZnIGVuYWJsZS1iYWNrZ3JvdW5kPSJuZXcgMCAwIDUwIDUwIiBoZWlnaHQ9IjUwcHgiIGlkPSJMYXllcl8xIiB2ZXJzaW9uPSIxLjEiIHZpZXdCb3g9IjAgMCA1MCA1MCIgd2lkdGg9IjUwcHgiIHhtbDpzcGFjZT0icHJlc2VydmUiIHhtbG5zPSJodHRwOi8vd3d3LnczLm9yZy8yMDAwL3N2ZyIgeG1sbnM6eGxpbms9Imh0dHA6Ly93d3cudzMub3JnLzE5OTkveGxpbmsiPjxsaW5lIGZpbGw9Im5vbmUiIHN0cm9rZT0iIzAwMDAwMCIgc3Ryb2tlLWxpbmVjYXA9InJvdW5kIiBzdHJva2UtbWl0ZXJsaW1pdD0iMTAiIHN0cm9rZS13aWR0aD0iMiIgeDE9IjMyIiB4Mj0iNDIiIHkxPSIyMCIgeTI9IjMwIi8+PGxpbmUgZmlsbD0ibm9uZSIgc3Ryb2tlPSIjMDAwMDAwIiBzdHJva2UtbGluZWNhcD0icm91bmQiIHN0cm9rZS1taXRlcmxpbWl0PSIxMCIgc3Ryb2tlLXdpZHRoPSIyIiB4MT0iNDIiIHgyPSIzMiIgeTE9IjIwIiB5Mj0iMzAiLz48cmVjdCBmaWxsPSJub25lIiBoZWlnaHQ9IjUwIiB3aWR0aD0iNTAiLz48cmVjdCBmaWxsPSJub25lIiBoZWlnaHQ9IjUwIiB3aWR0aD0iNTAiLz48cGF0aCBkPSJNMTAsMzNIMyAgYy0xLjEwMywwLTItMC44OTgtMi0yVjE5YzAtMS4xMDIsMC44OTctMiwyLTJoNyIgZmlsbD0ibm9uZSIgc3Ryb2tlPSIjMDAwMDAwIiBzdHJva2UtbGluZWpvaW49InJvdW5kIiBzdHJva2UtbWl0ZXJsaW1pdD0iMTAiIHN0cm9rZS13aWR0aD0iMi4wOCIvPjxwYXRoIGQ9Ik05LjYwNCwzMi40MyAgQzkuMjU2LDMyLjEyOSw5LDMxLjM5MSw5LDMwLjc1NFYxOS4yNDdjMC0wLjYzNywwLjI1Ni0xLjM4OCwwLjYwNC0xLjY4OUwyMi4yNzQsNC45MjZDMjMuOTA1LDMuMjcsMjYsMy44OTgsMjYsNi4zMjd2MzYuOTg4ICBjMCwyLjYxNC0xLjg5NiwzLjYwNC0zLjc4NSwxLjY4Nkw5LjYwNCwzMi40M3oiIGZpbGw9Im5vbmUiIHN0cm9rZT0iIzAwMDAwMCIgc3Ryb2tlLWxpbmVqb2luPSJyb3VuZCIgc3Ryb2tlLW1pdGVybGltaXQ9IjEwIiBzdHJva2Utd2lkdGg9IjEuOTc5NyIvPjwvc3ZnPg==)!important;\r\n}<\/style>\r\n<script type=\"text\/javascript\">\r\n    var track = document.getElementById('track');\r\n\r\nvar controlBtn = document.getElementById('play-pause');\r\n\r\nfunction playPause() {\r\n    if (track.paused) {\r\n        track.play();\r\n        \/\/controlBtn.textContent = \"Pause\";\r\n        controlBtn.className = \"pause\";\r\n    } else { \r\n        track.pause();\r\n         \/\/controlBtn.textContent = \"Play\";\r\n        controlBtn.className = \"play\";\r\n    }\r\n}\r\n\r\ncontrolBtn.addEventListener(\"click\", playPause);\r\ntrack.addEventListener(\"ended\", function() {\r\n  controlBtn.className = \"play\";\r\n});\r\n\r\n<\/script>\t\t<\/div>\n\t\t\t\t<\/div>\n\t\t\t\t<div class=\"elementor-element elementor-element-bc7f12b elementor-hidden-mobile elementor-widget elementor-widget-video\" data-id=\"bc7f12b\" data-element_type=\"widget\" data-settings=\"{&quot;video_type&quot;:&quot;hosted&quot;,&quot;autoplay&quot;:&quot;yes&quot;,&quot;play_on_mobile&quot;:&quot;yes&quot;,&quot;mute&quot;:&quot;yes&quot;,&quot;loop&quot;:&quot;yes&quot;}\" data-widget_type=\"video.default\">\n\t\t\t\t<div class=\"elementor-widget-container\">\n\t\t\t<style>\/*! elementor - v3.19.0 - 07-02-2024 *\/\n.elementor-widget-video .elementor-widget-container{overflow:hidden;transform:translateZ(0)}.elementor-widget-video .elementor-wrapper{aspect-ratio:var(--video-aspect-ratio)}.elementor-widget-video .elementor-wrapper iframe,.elementor-widget-video .elementor-wrapper video{height:100%;width:100%;display:flex;border:none;background-color:#000}@supports not (aspect-ratio:1\/1){.elementor-widget-video .elementor-wrapper{position:relative;overflow:hidden;height:0;padding-bottom:calc(100% \/ var(--video-aspect-ratio))}.elementor-widget-video .elementor-wrapper iframe,.elementor-widget-video .elementor-wrapper video{position:absolute;top:0;right:0;bottom:0;left:0}}.elementor-widget-video .elementor-open-inline .elementor-custom-embed-image-overlay{position:absolute;top:0;right:0;bottom:0;left:0;background-size:cover;background-position:50%}.elementor-widget-video .elementor-custom-embed-image-overlay{cursor:pointer;text-align:center}.elementor-widget-video .elementor-custom-embed-image-overlay:hover .elementor-custom-embed-play i{opacity:1}.elementor-widget-video .elementor-custom-embed-image-overlay img{display:block;width:100%;aspect-ratio:var(--video-aspect-ratio);-o-object-fit:cover;object-fit:cover;-o-object-position:center center;object-position:center center}@supports not (aspect-ratio:1\/1){.elementor-widget-video .elementor-custom-embed-image-overlay{position:relative;overflow:hidden;height:0;padding-bottom:calc(100% \/ var(--video-aspect-ratio))}.elementor-widget-video .elementor-custom-embed-image-overlay img{position:absolute;top:0;right:0;bottom:0;left:0}}.elementor-widget-video .e-hosted-video .elementor-video{-o-object-fit:cover;object-fit:cover}.e-con-inner>.elementor-widget-video,.e-con>.elementor-widget-video{width:var(--container-widget-width);--flex-grow:var(--container-widget-flex-grow)}<\/style>\t\t<div class=\"e-hosted-video elementor-wrapper elementor-open-inline\">\n\t\t\t\t\t<video class=\"elementor-video\" src=\"https:\/\/irisprint.al\/wp-content\/uploads\/2023\/05\/video-13.1.mp4\" autoplay=\"\" loop=\"\" muted=\"muted\" playsinline=\"\" controlslist=\"nodownload\"><\/video>\n\t\t\t\t<\/div>\n\t\t\t\t<\/div>\n\t\t\t\t<\/div>\n\t\t\t\t<div class=\"elementor-element elementor-element-0598336 elementor-hidden-desktop elementor-hidden-laptop elementor-hidden-tablet elementor-widget elementor-widget-video\" data-id=\"0598336\" data-element_type=\"widget\" data-settings=\"{&quot;video_type&quot;:&quot;hosted&quot;,&quot;autoplay&quot;:&quot;yes&quot;,&quot;play_on_mobile&quot;:&quot;yes&quot;,&quot;mute&quot;:&quot;yes&quot;,&quot;loop&quot;:&quot;yes&quot;}\" data-widget_type=\"video.default\">\n\t\t\t\t<div class=\"elementor-widget-container\">\n\t\t\t\t\t<div class=\"e-hosted-video elementor-wrapper elementor-open-inline\">\n\t\t\t\t\t<video class=\"elementor-video\" src=\"https:\/\/irisprint.al\/wp-content\/uploads\/2023\/05\/video-13.mp4\" autoplay=\"\" loop=\"\" muted=\"muted\" playsinline=\"\" controlslist=\"nodownload\"><\/video>\n\t\t\t\t<\/div>\n\t\t\t\t<\/div>\n\t\t\t\t<\/div>\n\t\t\t\t\t<\/div>\n\t\t<\/div>\n\t\t\t\t\t<\/div>\n\t\t<\/section>\n\t\t\t\t<section class=\"elementor-section elementor-top-section elementor-element elementor-element-7b79781a elementor-section-boxed elementor-section-height-default elementor-section-height-default\" data-id=\"7b79781a\" data-element_type=\"section\" data-settings=\"{&quot;background_background&quot;:&quot;classic&quot;}\">\n\t\t\t\t\t\t<div class=\"elementor-container elementor-column-gap-default\">\n\t\t\t\t\t<div class=\"elementor-column elementor-col-100 elementor-top-column elementor-element elementor-element-5b5cc6e6\" data-id=\"5b5cc6e6\" data-element_type=\"column\">\n\t\t\t<div class=\"elementor-widget-wrap elementor-element-populated\">\n\t\t\t\t\t\t<div class=\"elementor-element elementor-element-31e69393 elementor-widget__width-initial elementor-position-top elementor-invisible elementor-widget elementor-widget-image-box\" data-id=\"31e69393\" data-element_type=\"widget\" data-settings=\"{&quot;_animation&quot;:&quot;fadeInUp&quot;}\" data-widget_type=\"image-box.default\">\n\t\t\t\t<div class=\"elementor-widget-container\">\n\t\t\t<style>.elementor-widget-image-box .elementor-image-box-content{width:100%}@media (min-width:768px){.elementor-widget-image-box.elementor-position-left .elementor-image-box-wrapper,.elementor-widget-image-box.elementor-position-right .elementor-image-box-wrapper{display:flex}.elementor-widget-image-box.elementor-position-right .elementor-image-box-wrapper{text-align:right;flex-direction:row-reverse}.elementor-widget-image-box.elementor-position-left .elementor-image-box-wrapper{text-align:left;flex-direction:row}.elementor-widget-image-box.elementor-position-top .elementor-image-box-img{margin:auto}.elementor-widget-image-box.elementor-vertical-align-top .elementor-image-box-wrapper{align-items:flex-start}.elementor-widget-image-box.elementor-vertical-align-middle .elementor-image-box-wrapper{align-items:center}.elementor-widget-image-box.elementor-vertical-align-bottom .elementor-image-box-wrapper{align-items:flex-end}}@media (max-width:767px){.elementor-widget-image-box .elementor-image-box-img{margin-left:auto!important;margin-right:auto!important;margin-bottom:15px}}.elementor-widget-image-box .elementor-image-box-img{display:inline-block}.elementor-widget-image-box .elementor-image-box-title a{color:inherit}.elementor-widget-image-box .elementor-image-box-wrapper{text-align:center}.elementor-widget-image-box .elementor-image-box-description{margin:0}<\/style><div class=\"elementor-image-box-wrapper\"><figure class=\"elementor-image-box-img\"><img fetchpriority=\"high\" decoding=\"async\" width=\"700\" height=\"700\" src=\"https:\/\/irisprint.al\/wp-content\/uploads\/2023\/03\/paper-1-01.svg\" class=\"attachment-full size-full wp-image-2732\" alt=\"\" \/><\/figure><div class=\"elementor-image-box-content\"><h3 class=\"elementor-image-box-title\">Paper from 70 gr<\/h3><p class=\"elementor-image-box-description\">to 550 gr\n<\/p><\/div><\/div>\t\t<\/div>\n\t\t\t\t<\/div>\n\t\t\t\t<div class=\"elementor-element elementor-element-6542fb27 elementor-widget__width-initial elementor-position-top elementor-invisible elementor-widget elementor-widget-image-box\" data-id=\"6542fb27\" data-element_type=\"widget\" data-settings=\"{&quot;_animation&quot;:&quot;fadeInUp&quot;,&quot;_animation_delay&quot;:300}\" data-widget_type=\"image-box.default\">\n\t\t\t\t<div class=\"elementor-widget-container\">\n\t\t\t<div class=\"elementor-image-box-wrapper\"><figure class=\"elementor-image-box-img\"><img decoding=\"async\" width=\"700\" height=\"700\" src=\"https:\/\/irisprint.al\/wp-content\/uploads\/2023\/03\/panton-01.svg\" class=\"attachment-full size-full wp-image-2731\" alt=\"\" \/><\/figure><div class=\"elementor-image-box-content\"><h3 class=\"elementor-image-box-title\">Pantone unlimited colors<\/h3><\/div><\/div>\t\t<\/div>\n\t\t\t\t<\/div>\n\t\t\t\t<div class=\"elementor-element elementor-element-77d54f9c elementor-widget__width-initial elementor-position-top elementor-invisible elementor-widget elementor-widget-image-box\" data-id=\"77d54f9c\" data-element_type=\"widget\" data-settings=\"{&quot;_animation&quot;:&quot;fadeInUp&quot;,&quot;_animation_delay&quot;:600}\" data-widget_type=\"image-box.default\">\n\t\t\t\t<div class=\"elementor-widget-container\">\n\t\t\t<div class=\"elementor-image-box-wrapper\"><figure class=\"elementor-image-box-img\"><img decoding=\"async\" width=\"700\" height=\"700\" src=\"https:\/\/irisprint.al\/wp-content\/uploads\/2023\/03\/printing-01.svg\" class=\"attachment-full size-full wp-image-2730\" alt=\"\" \/><\/figure><div class=\"elementor-image-box-content\"><h3 class=\"elementor-image-box-title\">Minimum quantity for printing<\/h3><p class=\"elementor-image-box-description\">1000 box<\/p><\/div><\/div>\t\t<\/div>\n\t\t\t\t<\/div>\n\t\t\t\t<div class=\"elementor-element elementor-element-15cd2205 elementor-widget__width-initial elementor-position-top elementor-invisible elementor-widget elementor-widget-image-box\" data-id=\"15cd2205\" data-element_type=\"widget\" data-settings=\"{&quot;_animation&quot;:&quot;fadeInUp&quot;,&quot;_animation_delay&quot;:900}\" data-widget_type=\"image-box.default\">\n\t\t\t\t<div class=\"elementor-widget-container\">\n\t\t\t<div class=\"elementor-image-box-wrapper\"><figure class=\"elementor-image-box-img\"><img loading=\"lazy\" decoding=\"async\" width=\"700\" height=\"700\" src=\"https:\/\/irisprint.al\/wp-content\/uploads\/2023\/03\/Cut-Icon-01-01.svg\" class=\"attachment-full size-full wp-image-2733\" alt=\"\" \/><\/figure><div class=\"elementor-image-box-content\"><h3 class=\"elementor-image-box-title\">Cutting form<\/h3><\/div><\/div>\t\t<\/div>\n\t\t\t\t<\/div>\n\t\t\t\t\t<\/div>\n\t\t<\/div>\n\t\t\t\t\t<\/div>\n\t\t<\/section>\n\t\t\t\t<section class=\"elementor-section elementor-top-section elementor-element elementor-element-f2f4df6 elementor-section-boxed elementor-section-height-default elementor-section-height-default\" data-id=\"f2f4df6\" data-element_type=\"section\" data-settings=\"{&quot;background_background&quot;:&quot;classic&quot;}\">\n\t\t\t\t\t\t<div class=\"elementor-container elementor-column-gap-default\">\n\t\t\t\t\t<div class=\"elementor-column elementor-col-100 elementor-top-column elementor-element elementor-element-dde2df0\" data-id=\"dde2df0\" data-element_type=\"column\">\n\t\t\t<div class=\"elementor-widget-wrap elementor-element-populated\">\n\t\t\t\t\t\t<div class=\"elementor-element elementor-element-0f53e64 elementor-pagination-position-outside elementor-widget elementor-widget-image-carousel\" data-id=\"0f53e64\" data-element_type=\"widget\" data-settings=\"{&quot;slides_to_show&quot;:&quot;3&quot;,&quot;navigation&quot;:&quot;dots&quot;,&quot;lazyload&quot;:&quot;yes&quot;,&quot;image_spacing_custom&quot;:{&quot;unit&quot;:&quot;px&quot;,&quot;size&quot;:15,&quot;sizes&quot;:[]},&quot;autoplay&quot;:&quot;yes&quot;,&quot;pause_on_hover&quot;:&quot;yes&quot;,&quot;pause_on_interaction&quot;:&quot;yes&quot;,&quot;autoplay_speed&quot;:5000,&quot;infinite&quot;:&quot;yes&quot;,&quot;speed&quot;:500,&quot;image_spacing_custom_laptop&quot;:{&quot;unit&quot;:&quot;px&quot;,&quot;size&quot;:&quot;&quot;,&quot;sizes&quot;:[]},&quot;image_spacing_custom_tablet&quot;:{&quot;unit&quot;:&quot;px&quot;,&quot;size&quot;:&quot;&quot;,&quot;sizes&quot;:[]},&quot;image_spacing_custom_mobile&quot;:{&quot;unit&quot;:&quot;px&quot;,&quot;size&quot;:&quot;&quot;,&quot;sizes&quot;:[]}}\" data-widget_type=\"image-carousel.default\">\n\t\t\t\t<div class=\"elementor-widget-container\">\n\t\t\t<style>\/*! elementor - v3.19.0 - 07-02-2024 *\/\n.elementor-widget-image-carousel .swiper,.elementor-widget-image-carousel .swiper-container{position:static}.elementor-widget-image-carousel .swiper-container .swiper-slide figure,.elementor-widget-image-carousel .swiper .swiper-slide figure{line-height:inherit}.elementor-widget-image-carousel .swiper-slide{text-align:center}.elementor-image-carousel-wrapper:not(.swiper-container-initialized):not(.swiper-initialized) .swiper-slide{max-width:calc(100% \/ var(--e-image-carousel-slides-to-show, 3))}<\/style>\t\t<div class=\"elementor-image-carousel-wrapper swiper-container\" dir=\"ltr\">\n\t\t\t<div class=\"elementor-image-carousel swiper-wrapper\" aria-live=\"off\">\n\t\t\t\t\t\t\t\t<div class=\"swiper-slide\" role=\"group\" aria-roledescription=\"slide\" aria-label=\"1 of 5\"><figure class=\"swiper-slide-inner\"><img class=\"swiper-slide-image swiper-lazy\" data-src=\"https:\/\/irisprint.al\/wp-content\/uploads\/2024\/02\/J9A1505.jpg\" alt=\"_J9A1505\" \/><div class=\"swiper-lazy-preloader\"><\/div><\/figure><\/div><div class=\"swiper-slide\" role=\"group\" aria-roledescription=\"slide\" aria-label=\"2 of 5\"><figure class=\"swiper-slide-inner\"><img class=\"swiper-slide-image swiper-lazy\" data-src=\"https:\/\/irisprint.al\/wp-content\/uploads\/2024\/02\/3J9A1560.jpg\" alt=\"3J9A1560\" \/><div class=\"swiper-lazy-preloader\"><\/div><\/figure><\/div><div class=\"swiper-slide\" role=\"group\" aria-roledescription=\"slide\" aria-label=\"3 of 5\"><figure class=\"swiper-slide-inner\"><img class=\"swiper-slide-image swiper-lazy\" data-src=\"https:\/\/irisprint.al\/wp-content\/uploads\/2024\/02\/8-1.jpg\" alt=\"8 (1)\" \/><div class=\"swiper-lazy-preloader\"><\/div><\/figure><\/div><div class=\"swiper-slide\" role=\"group\" aria-roledescription=\"slide\" aria-label=\"4 of 5\"><figure class=\"swiper-slide-inner\"><img class=\"swiper-slide-image swiper-lazy\" data-src=\"https:\/\/irisprint.al\/wp-content\/uploads\/2024\/02\/IMG_7186.jpg\" alt=\"IMG_7186\" \/><div class=\"swiper-lazy-preloader\"><\/div><\/figure><\/div><div class=\"swiper-slide\" role=\"group\" aria-roledescription=\"slide\" aria-label=\"5 of 5\"><figure class=\"swiper-slide-inner\"><img class=\"swiper-slide-image swiper-lazy\" data-src=\"https:\/\/irisprint.al\/wp-content\/uploads\/2024\/02\/IMG_84511.jpg\" alt=\"IMG_84511\" \/><div class=\"swiper-lazy-preloader\"><\/div><\/figure><\/div>\t\t\t<\/div>\n\t\t\t\t\t\t\t\n\t\t\t\t\t\t\t\t\t<div class=\"swiper-pagination\"><\/div>\n\t\t\t\t\t\t\t\t\t<\/div>\n\t\t\t\t<\/div>\n\t\t\t\t<\/div>\n\t\t\t\t\t<\/div>\n\t\t<\/div>\n\t\t\t\t\t<\/div>\n\t\t<\/section>\n\t\t\t\t<\/div>","protected":false},"excerpt":{"rendered":"<p>Play https:\/\/irisprint.al\/wp-content\/uploads\/2023\/05\/video-13.1.mp4https:\/\/irisprint.al\/wp-content\/uploads\/2023\/05\/video-13.mp4 Let\u00ebr nga 70 gr deri 550 gr Pantone ngjyra pa limit Sasia minimale per printim 1000 kuti Struktura t\u00eb ve\u00e7anta<\/p>","protected":false},"author":1,"featured_media":0,"parent":2068,"menu_order":0,"comment_status":"closed","ping_status":"closed","template":"elementor_header_footer","meta":{"footnotes":""},"class_list":["post-3903","page","type-page","status-publish","hentry"],"_links":{"self":[{"href":"https:\/\/irisprint.al\/en\/wp-json\/wp\/v2\/pages\/3903","targetHints":{"allow":["GET"]}}],"collection":[{"href":"https:\/\/irisprint.al\/en\/wp-json\/wp\/v2\/pages"}],"about":[{"href":"https:\/\/irisprint.al\/en\/wp-json\/wp\/v2\/types\/page"}],"author":[{"embeddable":true,"href":"https:\/\/irisprint.al\/en\/wp-json\/wp\/v2\/users\/1"}],"replies":[{"embeddable":true,"href":"https:\/\/irisprint.al\/en\/wp-json\/wp\/v2\/comments?post=3903"}],"version-history":[{"count":0,"href":"https:\/\/irisprint.al\/en\/wp-json\/wp\/v2\/pages\/3903\/revisions"}],"up":[{"embeddable":true,"href":"https:\/\/irisprint.al\/en\/wp-json\/wp\/v2\/pages\/2068"}],"wp:attachment":[{"href":"https:\/\/irisprint.al\/en\/wp-json\/wp\/v2\/media?parent=3903"}],"curies":[{"name":"wp","href":"https:\/\/api.w.org\/{rel}","templated":true}]}}