{"id":2068,"date":"2023-03-11T15:20:23","date_gmt":"2023-03-11T15:20:23","guid":{"rendered":"https:\/\/irisprint.al\/?page_id=2068"},"modified":"2023-05-15T15:00:55","modified_gmt":"2023-05-15T15:00:55","slug":"portfolio","status":"publish","type":"page","link":"https:\/\/irisprint.al\/en\/portfolio\/","title":{"rendered":"Portfolio"},"content":{"rendered":"<div data-elementor-type=\"wp-page\" data-elementor-id=\"2068\" class=\"elementor elementor-2068\" data-elementor-post-type=\"page\">\n\t\t\t\t\t\t<section class=\"elementor-section elementor-top-section elementor-element elementor-element-a6a6d19 elementor-section-full_width elementor-section-height-default elementor-section-height-default\" data-id=\"a6a6d19\" data-element_type=\"section\" data-settings=\"{&quot;background_background&quot;:&quot;classic&quot;}\">\n\t\t\t\t\t\t<div class=\"elementor-container elementor-column-gap-default\">\n\t\t\t\t\t<div class=\"elementor-column elementor-col-100 elementor-top-column elementor-element elementor-element-8c927b0\" data-id=\"8c927b0\" data-element_type=\"column\" data-settings=\"{&quot;background_background&quot;:&quot;classic&quot;}\">\n\t\t\t<div class=\"elementor-widget-wrap elementor-element-populated\">\n\t\t\t\t\t\t<div class=\"elementor-element elementor-element-bca7d93 elementor-view-default elementor-invisible elementor-widget elementor-widget-icon\" data-id=\"bca7d93\" data-element_type=\"widget\" data-settings=\"{&quot;_animation&quot;:&quot;fadeInUp&quot;}\" data-widget_type=\"icon.default\">\n\t\t\t\t<div class=\"elementor-widget-container\">\n\t\t\t\t\t<div class=\"elementor-icon-wrapper\">\n\t\t\t<div class=\"elementor-icon\">\n\t\t\t<svg xmlns=\"http:\/\/www.w3.org\/2000\/svg\" width=\"700pt\" height=\"700pt\" viewbox=\"0 0 700 700\"><g><path d=\"m360.11 39.566c-3.6211-3.7773-7.5039-4.5664-10.113-4.5664s-6.4922 0.78906-10.113 4.5664c-24.922 25.898-17.816 243.77-16.137 287.19 0.19141 4.6914 4.043 8.3984 8.75 8.3984h35c4.707 0 8.5586-3.7109 8.75-8.3984 1.6797-43.414 8.7852-261.29-16.137-287.19z\"><\/path><path d=\"m332.5 352.62c-3.1484 0-6.125-0.52344-8.75-1.5742v50.398c0 4.8984 3.8516 8.75 8.75 8.75h35c4.8984 0 8.75-3.8516 8.75-8.75v-50.398c-2.625 1.0508-5.6016 1.5742-8.75 1.5742z\"><\/path><path d=\"m350 525c46.727 0 83.477-38.148 85.051-39.898 2.8008-2.8008 3.1484-7.1758 1.0508-10.5-1.0508-1.9258-22.574-36.227-45.148-61.773-4.0234 8.75-12.949 14.875-23.449 14.875h-35c-10.5 0-19.426-6.125-23.449-14.875-22.574 25.551-44.102 59.852-45.148 61.773-2.1016 3.3242-1.75 7.6992 1.0508 10.5 1.5664 1.75 38.316 39.898 85.043 39.898z\"><\/path><\/g><\/svg>\t\t\t<\/div>\n\t\t<\/div>\n\t\t\t\t<\/div>\n\t\t\t\t<\/div>\n\t\t\t\t<div class=\"elementor-element elementor-element-9de09eb elementor-widget elementor-widget-qi_addons_for_elementor_animated_text\" data-id=\"9de09eb\" data-element_type=\"widget\" data-no-translation=\"\" data-widget_type=\"qi_addons_for_elementor_animated_text.default\">\n\t\t\t\t<div class=\"elementor-widget-container\">\n\t\t\t<div class=\"qodef-shortcode qodef-m  qodef-qi-animated-text qodef--animated-by-letter qodef--alignment-center qodef-qi--has-appear qodef--appear-from-bottom\" >\n\t\t<h2 class=\"qodef-m-title\">\n\t\t<span class=\"qodef-e-word-holder\">Cosmetics<\/span> <span class=\"qodef-e-word-holder\">Packaging<\/span>\t<\/h2>\n<\/div>\n\t\t<\/div>\n\t\t\t\t<\/div>\n\t\t\t\t<div class=\"elementor-element elementor-element-8396d04 elementor-widget elementor-widget-qi_addons_for_elementor_animated_text\" data-id=\"8396d04\" data-element_type=\"widget\" data-no-translation=\"\" data-widget_type=\"qi_addons_for_elementor_animated_text.default\">\n\t\t\t\t<div class=\"elementor-widget-container\">\n\t\t\t<style>.elementor-element-8396d04{display:none !important}<\/style>\t\t<\/div>\n\t\t\t\t<\/div>\n\t\t\t\t<div class=\"elementor-element elementor-element-8ed8066 elementor-position-right elementor-mobile-position-right elementor-vertical-align-middle elementor-widget__width-auto elementor-view-default elementor-invisible elementor-widget elementor-widget-icon-box\" data-id=\"8ed8066\" data-element_type=\"widget\" data-settings=\"{&quot;_animation&quot;:&quot;fadeInUp&quot;,&quot;_animation_delay&quot;:500}\" data-widget_type=\"icon-box.default\">\n\t\t\t\t<div class=\"elementor-widget-container\">\n\t\t\t<link rel=\"stylesheet\" href=\"https:\/\/irisprint.al\/wp-content\/uploads\/elementor\/css\/custom-widget-icon-box.min.css?ver=1708715872\">\t\t<div class=\"elementor-icon-box-wrapper\">\n\t\t\t\t\t\t<div class=\"elementor-icon-box-icon\">\n\t\t\t\t<a href=\"https:\/\/irisprint.al\/en\/portfolio\/paketime-kozmetike\/\" class=\"elementor-icon elementor-animation-\" tabindex=\"-1\">\n\t\t\t\t<i aria-hidden=\"true\" class=\"fas fa-chevron-right\"><\/i>\t\t\t\t<\/a>\n\t\t\t<\/div>\n\t\t\t\t\t\t<div class=\"elementor-icon-box-content\">\n\t\t\t\t<h3 class=\"elementor-icon-box-title\">\n\t\t\t\t\t<a href=\"https:\/\/irisprint.al\/en\/portfolio\/paketime-kozmetike\/\" >\n\t\t\t\t\t\tread more\t\t\t\t\t<\/a>\n\t\t\t\t<\/h3>\n\t\t\t\t\t\t\t<\/div>\n\t\t<\/div>\n\t\t\t\t<\/div>\n\t\t\t\t<\/div>\n\t\t\t\t<div class=\"elementor-element elementor-element-16c28a5 elementor-widget elementor-widget-image\" data-id=\"16c28a5\" data-element_type=\"widget\" data-widget_type=\"image.default\">\n\t\t\t\t<div class=\"elementor-widget-container\">\n\t\t\t<style>\/*! elementor - v3.19.0 - 07-02-2024 *\/\n.elementor-widget-image{text-align:center}.elementor-widget-image a{display:inline-block}.elementor-widget-image a img[src$=\".svg\"]{width:48px}.elementor-widget-image img{vertical-align:middle;display:inline-block}<\/style>\t\t\t\t\t\t\t\t\t\t<img fetchpriority=\"high\" decoding=\"async\" width=\"2048\" height=\"679\" src=\"https:\/\/irisprint.al\/wp-content\/uploads\/2023\/03\/Kutia-1.jpg\" class=\"attachment-full size-full wp-image-2136\" alt=\"\" srcset=\"https:\/\/irisprint.al\/wp-content\/uploads\/2023\/03\/Kutia-1.jpg 2048w, https:\/\/irisprint.al\/wp-content\/uploads\/2023\/03\/Kutia-1-300x99.jpg 300w, https:\/\/irisprint.al\/wp-content\/uploads\/2023\/03\/Kutia-1-1024x340.jpg 1024w, https:\/\/irisprint.al\/wp-content\/uploads\/2023\/03\/Kutia-1-768x255.jpg 768w, https:\/\/irisprint.al\/wp-content\/uploads\/2023\/03\/Kutia-1-1536x509.jpg 1536w\" sizes=\"(max-width: 2048px) 100vw, 2048px\" \/>\t\t\t\t\t\t\t\t\t\t\t\t\t<\/div>\n\t\t\t\t<\/div>\n\t\t\t\t\t<\/div>\n\t\t<\/div>\n\t\t\t\t\t<\/div>\n\t\t<\/section>\n\t\t\t\t<section class=\"elementor-section elementor-top-section elementor-element elementor-element-104df40 elementor-section-full_width elementor-section-height-default elementor-section-height-default\" data-id=\"104df40\" data-element_type=\"section\" data-settings=\"{&quot;background_background&quot;:&quot;classic&quot;}\">\n\t\t\t\t\t\t<div class=\"elementor-container elementor-column-gap-default\">\n\t\t\t\t\t<div class=\"elementor-column elementor-col-100 elementor-top-column elementor-element elementor-element-885ef64\" data-id=\"885ef64\" data-element_type=\"column\" data-settings=\"{&quot;background_background&quot;:&quot;classic&quot;}\">\n\t\t\t<div class=\"elementor-widget-wrap elementor-element-populated\">\n\t\t\t\t\t\t<div class=\"elementor-element elementor-element-0f60a92 elementor-view-default elementor-widget elementor-widget-icon\" data-id=\"0f60a92\" data-element_type=\"widget\" data-widget_type=\"icon.default\">\n\t\t\t\t<div class=\"elementor-widget-container\">\n\t\t\t\t\t<div class=\"elementor-icon-wrapper\">\n\t\t\t<div class=\"elementor-icon\">\n\t\t\t<svg xmlns=\"http:\/\/www.w3.org\/2000\/svg\" width=\"700pt\" height=\"700pt\" viewbox=\"0 0 700 700\"><g><path d=\"m484.62 264.54c0.56641 0.49609 1.0273 1.1094 1.3438 1.793 23.199-31.621 34.539-70.395 32.031-109.54h-140.89z\"><\/path><path d=\"m215.38 264.54 107.52-107.74h-140.89c-2.6055 39.047 8.4844 77.781 31.359 109.54 0.50781-0.75781 1.2031-1.375 2.0156-1.793z\"><\/path><path d=\"m361.2 336c42.707-2.5195 82.809-21.367 112-52.641-1.3984-0.47656-2.6367-1.3281-3.582-2.4648l-108.42-108.19z\"><\/path><path d=\"m338.8 172.7-107.74 107.52h-0.003906c-0.94531 1.1367-2.1836 1.9883-3.582 2.4648 28.945 31.328 68.773 50.402 111.33 53.312z\"><\/path><path d=\"m574 156.8h-33.602c0.5625 8.2773 0.5625 16.586 0 24.863-1.1758 17.66-4.7969 35.074-10.75 51.742l-1.3438 3.8086c-3.1523 7.668-6.7422 15.148-10.754 22.402l-2.2383 3.8086c-4.3633 7.8242-9.3047 15.312-14.785 22.398-23.629 29.961-55.727 52.117-92.117 63.594-36.391 11.477-75.391 11.742-111.93 0.76172-36.543-10.984-68.938-32.703-92.973-62.34-5.8047-6.9922-10.98-14.488-15.457-22.398-0.82422-1.1445-1.5742-2.3398-2.2383-3.5859-4.3477-7.6445-8.1641-15.578-11.426-23.742l-1.3438-3.5859c-6.9492-16.977-11.473-34.848-13.438-53.086-0.44922-8.207-0.44922-16.434 0-24.641h-33.602c-6.1875 0-11.199 5.0117-11.199 11.199 0 62.379 24.777 122.2 68.887 166.31s103.93 68.887 166.31 68.887 122.2-24.777 166.31-68.887 68.887-103.93 68.887-166.31c0-2.9688-1.1797-5.8203-3.2812-7.918-2.0977-2.1016-4.9492-3.2812-7.918-3.2812z\"><\/path><\/g><\/svg>\t\t\t<\/div>\n\t\t<\/div>\n\t\t\t\t<\/div>\n\t\t\t\t<\/div>\n\t\t\t\t<div class=\"elementor-element elementor-element-1b7971c elementor-widget elementor-widget-qi_addons_for_elementor_animated_text\" data-id=\"1b7971c\" data-element_type=\"widget\" data-no-translation=\"\" data-widget_type=\"qi_addons_for_elementor_animated_text.default\">\n\t\t\t\t<div class=\"elementor-widget-container\">\n\t\t\t<div class=\"qodef-shortcode qodef-m  qodef-qi-animated-text qodef--animated-by-letter qodef--alignment-center qodef-qi--has-appear qodef--appear-from-bottom\" >\n\t\t<h2 class=\"qodef-m-title\">\n\t\t<span class=\"qodef-e-word-holder\">Food<\/span> <span class=\"qodef-e-word-holder\">Packaging<\/span>\t<\/h2>\n<\/div>\n\t\t<\/div>\n\t\t\t\t<\/div>\n\t\t\t\t<div class=\"elementor-element elementor-element-dce84d1 elementor-widget elementor-widget-qi_addons_for_elementor_animated_text\" data-id=\"dce84d1\" data-element_type=\"widget\" data-no-translation=\"\" data-widget_type=\"qi_addons_for_elementor_animated_text.default\">\n\t\t\t\t<div class=\"elementor-widget-container\">\n\t\t\t<style>.elementor-element-dce84d1{display:none !important}<\/style>\t\t<\/div>\n\t\t\t\t<\/div>\n\t\t\t\t<div class=\"elementor-element elementor-element-8cc1dfb elementor-position-right elementor-mobile-position-right elementor-vertical-align-middle elementor-widget__width-auto elementor-view-default elementor-invisible elementor-widget elementor-widget-icon-box\" data-id=\"8cc1dfb\" data-element_type=\"widget\" data-settings=\"{&quot;_animation&quot;:&quot;fadeInUp&quot;,&quot;_animation_delay&quot;:500}\" data-widget_type=\"icon-box.default\">\n\t\t\t\t<div class=\"elementor-widget-container\">\n\t\t\t\t\t<div class=\"elementor-icon-box-wrapper\">\n\t\t\t\t\t\t<div class=\"elementor-icon-box-icon\">\n\t\t\t\t<a href=\"https:\/\/irisprint.al\/en\/portfolio\/paketime-ushqimore\/\" class=\"elementor-icon elementor-animation-\" tabindex=\"-1\">\n\t\t\t\t<i aria-hidden=\"true\" class=\"fas fa-chevron-right\"><\/i>\t\t\t\t<\/a>\n\t\t\t<\/div>\n\t\t\t\t\t\t<div class=\"elementor-icon-box-content\">\n\t\t\t\t<h3 class=\"elementor-icon-box-title\">\n\t\t\t\t\t<a href=\"https:\/\/irisprint.al\/en\/portfolio\/paketime-ushqimore\/\" >\n\t\t\t\t\t\tread more\t\t\t\t\t<\/a>\n\t\t\t\t<\/h3>\n\t\t\t\t\t\t\t<\/div>\n\t\t<\/div>\n\t\t\t\t<\/div>\n\t\t\t\t<\/div>\n\t\t\t\t<div class=\"elementor-element elementor-element-347c869 elementor-widget elementor-widget-image\" data-id=\"347c869\" data-element_type=\"widget\" data-widget_type=\"image.default\">\n\t\t\t\t<div class=\"elementor-widget-container\">\n\t\t\t\t\t\t\t\t\t\t\t\t\t<img decoding=\"async\" width=\"2048\" height=\"840\" src=\"https:\/\/irisprint.al\/wp-content\/uploads\/2023\/03\/Kutia-2.jpg\" class=\"attachment-full size-full wp-image-2137\" alt=\"\" srcset=\"https:\/\/irisprint.al\/wp-content\/uploads\/2023\/03\/Kutia-2.jpg 2048w, https:\/\/irisprint.al\/wp-content\/uploads\/2023\/03\/Kutia-2-300x123.jpg 300w, https:\/\/irisprint.al\/wp-content\/uploads\/2023\/03\/Kutia-2-1024x420.jpg 1024w, https:\/\/irisprint.al\/wp-content\/uploads\/2023\/03\/Kutia-2-768x315.jpg 768w, https:\/\/irisprint.al\/wp-content\/uploads\/2023\/03\/Kutia-2-1536x630.jpg 1536w\" sizes=\"(max-width: 2048px) 100vw, 2048px\" \/>\t\t\t\t\t\t\t\t\t\t\t\t\t<\/div>\n\t\t\t\t<\/div>\n\t\t\t\t\t<\/div>\n\t\t<\/div>\n\t\t\t\t\t<\/div>\n\t\t<\/section>\n\t\t\t\t<section class=\"elementor-section elementor-top-section elementor-element elementor-element-4a2f56d elementor-section-full_width elementor-section-height-default elementor-section-height-default\" data-id=\"4a2f56d\" data-element_type=\"section\" data-settings=\"{&quot;background_background&quot;:&quot;classic&quot;}\">\n\t\t\t\t\t\t<div class=\"elementor-container elementor-column-gap-default\">\n\t\t\t\t\t<div class=\"elementor-column elementor-col-100 elementor-top-column elementor-element elementor-element-2885aa1\" data-id=\"2885aa1\" data-element_type=\"column\" data-settings=\"{&quot;background_background&quot;:&quot;classic&quot;}\">\n\t\t\t<div class=\"elementor-widget-wrap elementor-element-populated\">\n\t\t\t\t\t\t<div class=\"elementor-element elementor-element-d29ac36 elementor-view-default elementor-widget elementor-widget-icon\" data-id=\"d29ac36\" data-element_type=\"widget\" data-widget_type=\"icon.default\">\n\t\t\t\t<div class=\"elementor-widget-container\">\n\t\t\t\t\t<div class=\"elementor-icon-wrapper\">\n\t\t\t<div class=\"elementor-icon\">\n\t\t\t<svg xmlns=\"http:\/\/www.w3.org\/2000\/svg\" width=\"700pt\" height=\"700pt\" viewbox=\"0 0 700 700\"><path d=\"m350 538.46c71.371 0 129.23-57.859 129.23-129.23v-253.09c0-70.883-54.742-132.61-125.59-134.55-73.18-2.0078-132.87 56.68-132.87 129.18v258.46c0 71.371 57.855 129.23 129.23 129.23zm-86.152-387.69c0-47.602 38.551-86.152 86.152-86.152 47.383 0 86.152 38.555 86.152 86.152v107.69h-172.3z\"><\/path><\/svg>\t\t\t<\/div>\n\t\t<\/div>\n\t\t\t\t<\/div>\n\t\t\t\t<\/div>\n\t\t\t\t<div class=\"elementor-element elementor-element-e59fd23 elementor-widget elementor-widget-qi_addons_for_elementor_animated_text\" data-id=\"e59fd23\" data-element_type=\"widget\" data-no-translation=\"\" data-widget_type=\"qi_addons_for_elementor_animated_text.default\">\n\t\t\t\t<div class=\"elementor-widget-container\">\n\t\t\t<div class=\"qodef-shortcode qodef-m  qodef-qi-animated-text qodef--animated-by-letter qodef--alignment-center qodef-qi--has-appear qodef--appear-from-bottom\" >\n\t\t<h2 class=\"qodef-m-title\">\n\t\t<span class=\"qodef-e-word-holder\">Pharmaceutical<\/span> <span class=\"qodef-e-word-holder\">Packaging<\/span>\t<\/h2>\n<\/div>\n\t\t<\/div>\n\t\t\t\t<\/div>\n\t\t\t\t<div class=\"elementor-element elementor-element-7cfae0c elementor-widget elementor-widget-qi_addons_for_elementor_animated_text\" data-id=\"7cfae0c\" data-element_type=\"widget\" data-no-translation=\"\" data-widget_type=\"qi_addons_for_elementor_animated_text.default\">\n\t\t\t\t<div class=\"elementor-widget-container\">\n\t\t\t<style>.elementor-element-7cfae0c{display:none !important}<\/style>\t\t<\/div>\n\t\t\t\t<\/div>\n\t\t\t\t<div class=\"elementor-element elementor-element-4d93705 elementor-position-right elementor-mobile-position-right elementor-vertical-align-middle elementor-widget__width-auto elementor-view-default elementor-invisible elementor-widget elementor-widget-icon-box\" data-id=\"4d93705\" data-element_type=\"widget\" data-settings=\"{&quot;_animation&quot;:&quot;fadeInUp&quot;,&quot;_animation_delay&quot;:500}\" data-widget_type=\"icon-box.default\">\n\t\t\t\t<div class=\"elementor-widget-container\">\n\t\t\t\t\t<div class=\"elementor-icon-box-wrapper\">\n\t\t\t\t\t\t<div class=\"elementor-icon-box-icon\">\n\t\t\t\t<a href=\"https:\/\/irisprint.al\/en\/portfolio\/paketime-farmaceutike\/\" class=\"elementor-icon elementor-animation-\" tabindex=\"-1\">\n\t\t\t\t<i aria-hidden=\"true\" class=\"fas fa-chevron-right\"><\/i>\t\t\t\t<\/a>\n\t\t\t<\/div>\n\t\t\t\t\t\t<div class=\"elementor-icon-box-content\">\n\t\t\t\t<h3 class=\"elementor-icon-box-title\">\n\t\t\t\t\t<a href=\"https:\/\/irisprint.al\/en\/portfolio\/paketime-farmaceutike\/\" >\n\t\t\t\t\t\tread more\t\t\t\t\t<\/a>\n\t\t\t\t<\/h3>\n\t\t\t\t\t\t\t<\/div>\n\t\t<\/div>\n\t\t\t\t<\/div>\n\t\t\t\t<\/div>\n\t\t\t\t<div class=\"elementor-element elementor-element-74ba5f4 elementor-widget elementor-widget-image\" data-id=\"74ba5f4\" data-element_type=\"widget\" data-widget_type=\"image.default\">\n\t\t\t\t<div class=\"elementor-widget-container\">\n\t\t\t\t\t\t\t\t\t\t\t\t\t<img decoding=\"async\" width=\"2048\" height=\"933\" src=\"https:\/\/irisprint.al\/wp-content\/uploads\/2023\/03\/Kutia-3.jpg\" class=\"attachment-full size-full wp-image-2138\" alt=\"\" srcset=\"https:\/\/irisprint.al\/wp-content\/uploads\/2023\/03\/Kutia-3.jpg 2048w, https:\/\/irisprint.al\/wp-content\/uploads\/2023\/03\/Kutia-3-300x137.jpg 300w, https:\/\/irisprint.al\/wp-content\/uploads\/2023\/03\/Kutia-3-1024x467.jpg 1024w, https:\/\/irisprint.al\/wp-content\/uploads\/2023\/03\/Kutia-3-768x350.jpg 768w, https:\/\/irisprint.al\/wp-content\/uploads\/2023\/03\/Kutia-3-1536x700.jpg 1536w\" sizes=\"(max-width: 2048px) 100vw, 2048px\" \/>\t\t\t\t\t\t\t\t\t\t\t\t\t<\/div>\n\t\t\t\t<\/div>\n\t\t\t\t\t<\/div>\n\t\t<\/div>\n\t\t\t\t\t<\/div>\n\t\t<\/section>\n\t\t\t\t<section class=\"elementor-section elementor-top-section elementor-element elementor-element-6e6153e elementor-section-full_width elementor-section-height-default elementor-section-height-default\" data-id=\"6e6153e\" data-element_type=\"section\" data-settings=\"{&quot;background_background&quot;:&quot;classic&quot;}\">\n\t\t\t\t\t\t<div class=\"elementor-container elementor-column-gap-no\">\n\t\t\t\t\t<div class=\"elementor-column elementor-col-100 elementor-top-column elementor-element elementor-element-59fda4f\" data-id=\"59fda4f\" data-element_type=\"column\" data-settings=\"{&quot;background_background&quot;:&quot;classic&quot;}\">\n\t\t\t<div class=\"elementor-widget-wrap elementor-element-populated\">\n\t\t\t\t\t\t<div class=\"elementor-element elementor-element-9f5a895 elementor-view-default elementor-widget elementor-widget-icon\" data-id=\"9f5a895\" data-element_type=\"widget\" data-widget_type=\"icon.default\">\n\t\t\t\t<div class=\"elementor-widget-container\">\n\t\t\t\t\t<div class=\"elementor-icon-wrapper\">\n\t\t\t<div class=\"elementor-icon\">\n\t\t\t<i aria-hidden=\"true\" class=\"fas fa-shopping-bag\"><\/i>\t\t\t<\/div>\n\t\t<\/div>\n\t\t\t\t<\/div>\n\t\t\t\t<\/div>\n\t\t\t\t<div class=\"elementor-element elementor-element-ddbad23 elementor-widget elementor-widget-qi_addons_for_elementor_animated_text\" data-id=\"ddbad23\" data-element_type=\"widget\" data-no-translation=\"\" data-widget_type=\"qi_addons_for_elementor_animated_text.default\">\n\t\t\t\t<div class=\"elementor-widget-container\">\n\t\t\t<div class=\"qodef-shortcode qodef-m  qodef-qi-animated-text qodef--animated-by-letter qodef--alignment-center qodef-qi--has-appear qodef--appear-from-bottom\" >\n\t\t<h2 class=\"qodef-m-title\">\n\t\t<span class=\"qodef-e-word-holder\">Others<\/span> <span class=\"qodef-e-word-holder\">Packaging<\/span>\t<\/h2>\n<\/div>\n\t\t<\/div>\n\t\t\t\t<\/div>\n\t\t\t\t<div class=\"elementor-element elementor-element-d46c112 elementor-widget elementor-widget-qi_addons_for_elementor_animated_text\" data-id=\"d46c112\" data-element_type=\"widget\" data-no-translation=\"\" data-widget_type=\"qi_addons_for_elementor_animated_text.default\">\n\t\t\t\t<div class=\"elementor-widget-container\">\n\t\t\t<style>.elementor-element-d46c112{display:none !important}<\/style>\t\t<\/div>\n\t\t\t\t<\/div>\n\t\t\t\t<div class=\"elementor-element elementor-element-a0e2c35 elementor-position-right elementor-mobile-position-right elementor-vertical-align-middle elementor-widget__width-auto elementor-view-default elementor-invisible elementor-widget elementor-widget-icon-box\" data-id=\"a0e2c35\" data-element_type=\"widget\" data-settings=\"{&quot;_animation&quot;:&quot;fadeInUp&quot;,&quot;_animation_delay&quot;:500}\" data-widget_type=\"icon-box.default\">\n\t\t\t\t<div class=\"elementor-widget-container\">\n\t\t\t\t\t<div class=\"elementor-icon-box-wrapper\">\n\t\t\t\t\t\t<div class=\"elementor-icon-box-icon\">\n\t\t\t\t<a href=\"https:\/\/irisprint.al\/en\/portfolio\/paketime-te-tjera\/\" class=\"elementor-icon elementor-animation-\" tabindex=\"-1\">\n\t\t\t\t<i aria-hidden=\"true\" class=\"fas fa-chevron-right\"><\/i>\t\t\t\t<\/a>\n\t\t\t<\/div>\n\t\t\t\t\t\t<div class=\"elementor-icon-box-content\">\n\t\t\t\t<h3 class=\"elementor-icon-box-title\">\n\t\t\t\t\t<a href=\"https:\/\/irisprint.al\/en\/portfolio\/paketime-te-tjera\/\" >\n\t\t\t\t\t\tread more\t\t\t\t\t<\/a>\n\t\t\t\t<\/h3>\n\t\t\t\t\t\t\t<\/div>\n\t\t<\/div>\n\t\t\t\t<\/div>\n\t\t\t\t<\/div>\n\t\t\t\t<div class=\"elementor-element elementor-element-6498a5e elementor-widget elementor-widget-image\" data-id=\"6498a5e\" data-element_type=\"widget\" data-widget_type=\"image.default\">\n\t\t\t\t<div class=\"elementor-widget-container\">\n\t\t\t\t\t\t\t\t\t\t\t\t\t<img loading=\"lazy\" decoding=\"async\" width=\"2048\" height=\"915\" src=\"https:\/\/irisprint.al\/wp-content\/uploads\/2023\/05\/Others-Packaging.jpg\" class=\"attachment-full size-full wp-image-3677\" alt=\"\" srcset=\"https:\/\/irisprint.al\/wp-content\/uploads\/2023\/05\/Others-Packaging.jpg 2048w, https:\/\/irisprint.al\/wp-content\/uploads\/2023\/05\/Others-Packaging-300x134.jpg 300w, https:\/\/irisprint.al\/wp-content\/uploads\/2023\/05\/Others-Packaging-1024x458.jpg 1024w, https:\/\/irisprint.al\/wp-content\/uploads\/2023\/05\/Others-Packaging-768x343.jpg 768w, https:\/\/irisprint.al\/wp-content\/uploads\/2023\/05\/Others-Packaging-1536x686.jpg 1536w, https:\/\/irisprint.al\/wp-content\/uploads\/2023\/05\/Others-Packaging-18x8.jpg 18w\" sizes=\"(max-width: 2048px) 100vw, 2048px\" \/>\t\t\t\t\t\t\t\t\t\t\t\t\t<\/div>\n\t\t\t\t<\/div>\n\t\t\t\t<div class=\"elementor-element elementor-element-835d5be elementor-widget elementor-widget-image\" data-id=\"835d5be\" data-element_type=\"widget\" data-widget_type=\"image.default\">\n\t\t\t\t<div class=\"elementor-widget-container\">\n\t\t\t\t\t\t\t\t\t\t\t\t\t<img decoding=\"async\" src=\"https:\/\/irisprint.al\/wp-content\/uploads\/2023\/05\/Others-photo-art.jpg\" title=\"\" alt=\"\" loading=\"lazy\" \/>\t\t\t\t\t\t\t\t\t\t\t\t\t<\/div>\n\t\t\t\t<\/div>\n\t\t\t\t\t<\/div>\n\t\t<\/div>\n\t\t\t\t\t<\/div>\n\t\t<\/section>\n\t\t\t\t<\/div>","protected":false},"excerpt":{"rendered":"<p>Cosmetics Packaging shiko m\u00eb shum\u00eb Food Packaging shiko m\u00eb shum\u00eb Pharmaceutical Packaging shiko m\u00eb shum\u00eb Others Packaging shiko m\u00eb shum\u00eb<\/p>","protected":false},"author":1,"featured_media":0,"parent":0,"menu_order":0,"comment_status":"closed","ping_status":"closed","template":"elementor_header_footer","meta":{"footnotes":""},"class_list":["post-2068","page","type-page","status-publish","hentry"],"_links":{"self":[{"href":"https:\/\/irisprint.al\/en\/wp-json\/wp\/v2\/pages\/2068","targetHints":{"allow":["GET"]}}],"collection":[{"href":"https:\/\/irisprint.al\/en\/wp-json\/wp\/v2\/pages"}],"about":[{"href":"https:\/\/irisprint.al\/en\/wp-json\/wp\/v2\/types\/page"}],"author":[{"embeddable":true,"href":"https:\/\/irisprint.al\/en\/wp-json\/wp\/v2\/users\/1"}],"replies":[{"embeddable":true,"href":"https:\/\/irisprint.al\/en\/wp-json\/wp\/v2\/comments?post=2068"}],"version-history":[{"count":0,"href":"https:\/\/irisprint.al\/en\/wp-json\/wp\/v2\/pages\/2068\/revisions"}],"wp:attachment":[{"href":"https:\/\/irisprint.al\/en\/wp-json\/wp\/v2\/media?parent=2068"}],"curies":[{"name":"wp","href":"https:\/\/api.w.org\/{rel}","templated":true}]}}